{"id":1160,"date":"2023-06-10T17:04:31","date_gmt":"2023-06-10T15:04:31","guid":{"rendered":"https:\/\/vegane-buendner-rezepte.schmid.gr\/?page_id=1160"},"modified":"2023-07-27T19:15:34","modified_gmt":"2023-07-27T17:15:34","slug":"gerstensuppe","status":"publish","type":"page","link":"https:\/\/vegane-buendner-rezepte.schmid.gr\/rm\/gerstensuppe\/","title":{"rendered":"Suppa da giutta"},"content":{"rendered":"<div data-elementor-type=\"wp-page\" data-elementor-id=\"1160\" class=\"elementor elementor-1160\">\n\t\t\t\t\t\t\t<div class=\"elementor-element elementor-element-4d13338f e-con-full e-flex e-con\" data-id=\"4d13338f\" data-element_type=\"container\" data-settings=\"{&quot;background_background&quot;:&quot;classic&quot;,&quot;shape_divider_bottom&quot;:&quot;waves&quot;,&quot;content_width&quot;:&quot;full&quot;}\">\n\t\t\t\t<div class=\"elementor-shape elementor-shape-bottom\" data-negative=\"false\">\n\t\t\t<svg xmlns=\"http:\/\/www.w3.org\/2000\/svg\" viewbox=\"0 0 1000 100\" preserveaspectratio=\"none\">\n\t<path class=\"elementor-shape-fill\" d=\"M421.9,6.5c22.6-2.5,51.5,0.4,75.5,5.3c23.6,4.9,70.9,23.5,100.5,35.7c75.8,32.2,133.7,44.5,192.6,49.7\tc23.6,2.1,48.7,3.5,103.4-2.5c54.7-6,106.2-25.6,106.2-25.6V0H0v30.3c0,0,72,32.6,158.4,30.5c39.2-0.7,92.8-6.7,134-22.4\tc21.2-8.1,52.2-18.2,79.7-24.2C399.3,7.9,411.6,7.5,421.9,6.5z\"\/>\n<\/svg>\t\t<\/div>\n\t\t\t\t<\/div>\n\t\t<div class=\"elementor-element elementor-element-439c3676 e-con-full e-flex e-con\" data-id=\"439c3676\" data-element_type=\"container\" data-settings=\"{&quot;background_background&quot;:&quot;classic&quot;,&quot;content_width&quot;:&quot;full&quot;}\">\n\t\t<div class=\"elementor-element elementor-element-617b9204 e-con-full e-flex e-con\" data-id=\"617b9204\" data-element_type=\"container\" data-settings=\"{&quot;background_background&quot;:&quot;classic&quot;,&quot;content_width&quot;:&quot;full&quot;}\">\n\t\t<div class=\"elementor-element elementor-element-5616208c e-con-full e-flex e-con\" data-id=\"5616208c\" data-element_type=\"container\" data-settings=\"{&quot;content_width&quot;:&quot;full&quot;}\">\n\t\t<div class=\"elementor-element elementor-element-6fc5dbc8 e-con-full e-transform e-flex e-con\" data-id=\"6fc5dbc8\" data-element_type=\"container\" data-settings=\"{&quot;content_width&quot;:&quot;full&quot;,&quot;_transform_scale_effect_hover&quot;:{&quot;unit&quot;:&quot;px&quot;,&quot;size&quot;:1.1,&quot;sizes&quot;:[]},&quot;_transform_scale_effect_hover_laptop&quot;:{&quot;unit&quot;:&quot;px&quot;,&quot;size&quot;:&quot;&quot;,&quot;sizes&quot;:[]},&quot;_transform_scale_effect_hover_tablet_extra&quot;:{&quot;unit&quot;:&quot;px&quot;,&quot;size&quot;:&quot;&quot;,&quot;sizes&quot;:[]},&quot;_transform_scale_effect_hover_tablet&quot;:{&quot;unit&quot;:&quot;px&quot;,&quot;size&quot;:&quot;&quot;,&quot;sizes&quot;:[]},&quot;_transform_scale_effect_hover_mobile&quot;:{&quot;unit&quot;:&quot;px&quot;,&quot;size&quot;:&quot;&quot;,&quot;sizes&quot;:[]}}\">\n\t\t\t\t<div class=\"elementor-element elementor-element-1520aed5 elementor-widget elementor-widget-heading\" data-id=\"1520aed5\" data-element_type=\"widget\" data-widget_type=\"heading.default\">\n\t\t\t\t<div class=\"elementor-widget-container\">\n\t\t\t<style>\/*! elementor - v3.14.0 - 26-06-2023 *\/\n.elementor-heading-title{padding:0;margin:0;line-height:1}.elementor-widget-heading .elementor-heading-title[class*=elementor-size-]>a{color:inherit;font-size:inherit;line-height:inherit}.elementor-widget-heading .elementor-heading-title.elementor-size-small{font-size:15px}.elementor-widget-heading .elementor-heading-title.elementor-size-medium{font-size:19px}.elementor-widget-heading .elementor-heading-title.elementor-size-large{font-size:29px}.elementor-widget-heading .elementor-heading-title.elementor-size-xl{font-size:39px}.elementor-widget-heading .elementor-heading-title.elementor-size-xxl{font-size:59px}<\/style><h2 class=\"elementor-heading-title elementor-size-default\">Suppa da giutta<\/h2>\t\t<\/div>\n\t\t\t\t<\/div>\n\t\t\t\t<div class=\"elementor-element elementor-element-3103d18f elementor-icon-list--layout-inline elementor-align-left elementor-mobile-align-left elementor-list-item-link-full_width elementor-widget elementor-widget-icon-list\" data-id=\"3103d18f\" data-element_type=\"widget\" data-widget_type=\"icon-list.default\">\n\t\t\t\t<div class=\"elementor-widget-container\">\n\t\t\t<link rel=\"stylesheet\" href=\"https:\/\/vegane-buendner-rezepte.schmid.gr\/wp-content\/uploads\/elementor\/css\/custom-widget-icon-list.min.css?ver=1691439664\">\t\t<ul class=\"elementor-icon-list-items elementor-inline-items\">\n\t\t\t\t\t\t\t<li class=\"elementor-icon-list-item elementor-inline-item\">\n\t\t\t\t\t\t\t\t\t\t\t<span class=\"elementor-icon-list-icon\">\n\t\t\t\t\t\t\t<i aria-hidden=\"true\" class=\"far fa-clock\"><\/i>\t\t\t\t\t\t<\/span>\n\t\t\t\t\t\t\t\t\t\t<span class=\"elementor-icon-list-text\">2h<\/span>\n\t\t\t\t\t\t\t\t\t<\/li>\n\t\t\t\t\t\t\t\t<li class=\"elementor-icon-list-item elementor-inline-item\">\n\t\t\t\t\t\t\t\t\t\t\t<span class=\"elementor-icon-list-icon\">\n\t\t\t\t\t\t\t<i aria-hidden=\"true\" class=\"fas fa-male\"><\/i>\t\t\t\t\t\t<\/span>\n\t\t\t\t\t\t\t\t\t\t<span class=\"elementor-icon-list-text\">4 purziuns<\/span>\n\t\t\t\t\t\t\t\t\t<\/li>\n\t\t\t\t\t\t\t\t<li class=\"elementor-icon-list-item elementor-inline-item\">\n\t\t\t\t\t\t\t\t\t\t\t<span class=\"elementor-icon-list-icon\">\n\t\t\t\t\t\t\t<i aria-hidden=\"true\" class=\"fas fa-leaf\"><\/i>\t\t\t\t\t\t<\/span>\n\t\t\t\t\t\t\t\t\t\t<span class=\"elementor-icon-list-text\">vegan<\/span>\n\t\t\t\t\t\t\t\t\t<\/li>\n\t\t\t\t\t\t<\/ul>\n\t\t\t\t<\/div>\n\t\t\t\t<\/div>\n\t\t\t\t<div class=\"elementor-element elementor-element-24606e28 elementor-widget-divider--view-line elementor-widget elementor-widget-divider\" data-id=\"24606e28\" data-element_type=\"widget\" data-widget_type=\"divider.default\">\n\t\t\t\t<div class=\"elementor-widget-container\">\n\t\t\t<style>\/*! elementor - v3.14.0 - 26-06-2023 *\/\n.elementor-widget-divider{--divider-border-style:none;--divider-border-width:1px;--divider-color:#0c0d0e;--divider-icon-size:20px;--divider-element-spacing:10px;--divider-pattern-height:24px;--divider-pattern-size:20px;--divider-pattern-url:none;--divider-pattern-repeat:repeat-x}.elementor-widget-divider .elementor-divider{display:flex}.elementor-widget-divider .elementor-divider__text{font-size:15px;line-height:1;max-width:95%}.elementor-widget-divider .elementor-divider__element{margin:0 var(--divider-element-spacing);flex-shrink:0}.elementor-widget-divider .elementor-icon{font-size:var(--divider-icon-size)}.elementor-widget-divider .elementor-divider-separator{display:flex;margin:0;direction:ltr}.elementor-widget-divider--view-line_icon .elementor-divider-separator,.elementor-widget-divider--view-line_text .elementor-divider-separator{align-items:center}.elementor-widget-divider--view-line_icon .elementor-divider-separator:after,.elementor-widget-divider--view-line_icon .elementor-divider-separator:before,.elementor-widget-divider--view-line_text .elementor-divider-separator:after,.elementor-widget-divider--view-line_text .elementor-divider-separator:before{display:block;content:\"\";border-bottom:0;flex-grow:1;border-top:var(--divider-border-width) var(--divider-border-style) var(--divider-color)}.elementor-widget-divider--element-align-left .elementor-divider .elementor-divider-separator>.elementor-divider__svg:first-of-type{flex-grow:0;flex-shrink:100}.elementor-widget-divider--element-align-left .elementor-divider-separator:before{content:none}.elementor-widget-divider--element-align-left .elementor-divider__element{margin-left:0}.elementor-widget-divider--element-align-right .elementor-divider .elementor-divider-separator>.elementor-divider__svg:last-of-type{flex-grow:0;flex-shrink:100}.elementor-widget-divider--element-align-right .elementor-divider-separator:after{content:none}.elementor-widget-divider--element-align-right .elementor-divider__element{margin-right:0}.elementor-widget-divider:not(.elementor-widget-divider--view-line_text):not(.elementor-widget-divider--view-line_icon) .elementor-divider-separator{border-top:var(--divider-border-width) var(--divider-border-style) var(--divider-color)}.elementor-widget-divider--separator-type-pattern{--divider-border-style:none}.elementor-widget-divider--separator-type-pattern.elementor-widget-divider--view-line .elementor-divider-separator,.elementor-widget-divider--separator-type-pattern:not(.elementor-widget-divider--view-line) .elementor-divider-separator:after,.elementor-widget-divider--separator-type-pattern:not(.elementor-widget-divider--view-line) .elementor-divider-separator:before,.elementor-widget-divider--separator-type-pattern:not([class*=elementor-widget-divider--view]) .elementor-divider-separator{width:100%;min-height:var(--divider-pattern-height);-webkit-mask-size:var(--divider-pattern-size) 100%;mask-size:var(--divider-pattern-size) 100%;-webkit-mask-repeat:var(--divider-pattern-repeat);mask-repeat:var(--divider-pattern-repeat);background-color:var(--divider-color);-webkit-mask-image:var(--divider-pattern-url);mask-image:var(--divider-pattern-url)}.elementor-widget-divider--no-spacing{--divider-pattern-size:auto}.elementor-widget-divider--bg-round{--divider-pattern-repeat:round}.rtl .elementor-widget-divider .elementor-divider__text{direction:rtl}.e-con-inner>.elementor-widget-divider,.e-con>.elementor-widget-divider{width:var(--container-widget-width,100%);--flex-grow:var(--container-widget-flex-grow)}<\/style>\t\t<div class=\"elementor-divider\">\n\t\t\t<span class=\"elementor-divider-separator\">\n\t\t\t\t\t\t<\/span>\n\t\t<\/div>\n\t\t\t\t<\/div>\n\t\t\t\t<\/div>\n\t\t\t\t<\/div>\n\t\t\t\t<\/div>\n\t\t<div class=\"elementor-element elementor-element-2674648d e-con-full e-flex e-con\" data-id=\"2674648d\" data-element_type=\"container\" data-settings=\"{&quot;content_width&quot;:&quot;full&quot;}\">\n\t\t<div class=\"elementor-element elementor-element-7a55c8c9 e-con-full e-flex e-con\" data-id=\"7a55c8c9\" data-element_type=\"container\" data-settings=\"{&quot;background_background&quot;:&quot;classic&quot;,&quot;content_width&quot;:&quot;full&quot;}\">\n\t\t\t\t<div class=\"elementor-element elementor-element-769c70a1 elementor-view-stacked elementor-shape-square elementor-widget elementor-widget-icon\" data-id=\"769c70a1\" data-element_type=\"widget\" data-widget_type=\"icon.default\">\n\t\t\t\t<div class=\"elementor-widget-container\">\n\t\t\t\t\t<div class=\"elementor-icon-wrapper\">\n\t\t\t<div class=\"elementor-icon elementor-animation-grow\">\n\t\t\t<svg xmlns=\"http:\/\/www.w3.org\/2000\/svg\" xmlns:xlink=\"http:\/\/www.w3.org\/1999\/xlink\" fill=\"#000000\" height=\"800px\" width=\"800px\" id=\"Layer_1\" viewbox=\"0 0 511.999 511.999\" xml:space=\"preserve\"><g>\t<g>\t\t<path d=\"M354.761,154.586c-5.926,0-11.74,0.49-17.408,1.419c16.182-18.799,25.979-43.243,25.979-69.936   c0-4.734-3.838-8.572-8.572-8.572c-23.543,0-45.335,7.624-63.049,20.527c1.177-6.406,1.785-12.965,1.785-19.618   c0-28.67-11.165-55.623-31.438-75.896c-3.348-3.348-8.775-3.348-12.122,0c-20.273,20.272-31.437,47.226-31.437,75.896   c0,6.653,0.609,13.212,1.785,19.618c-17.714-12.902-39.506-20.527-63.049-20.527c-4.734,0-8.572,3.838-8.572,8.572   c0,26.684,9.79,51.121,25.965,69.918c-5.697-0.922-11.508-1.401-17.393-1.401c-4.734,0-8.572,3.838-8.572,8.572   c0,26.692,9.797,51.137,25.979,69.936c-5.668-0.929-11.481-1.419-17.408-1.419c-4.734,0-8.572,3.838-8.572,8.572   c0,26.692,9.797,51.137,25.979,69.936c-5.668-0.929-11.482-1.419-17.408-1.419c-4.734,0-8.572,3.838-8.572,8.572   c0,56.299,43.57,102.609,98.762,106.99v79.102c0,4.734,3.838,8.572,8.572,8.572s8.572-3.838,8.572-8.572v-79.102   c55.191-4.382,98.761-50.693,98.761-106.99c0-4.734-3.838-8.572-8.572-8.572c-5.927,0-11.74,0.49-17.408,1.419   c16.184-18.799,25.979-43.244,25.979-69.936c0-4.734-3.838-8.572-8.572-8.572c-5.926,0-11.74,0.49-17.408,1.419   c16.182-18.799,25.979-43.244,25.979-69.936C363.333,158.424,359.495,154.586,354.761,154.586z M345.741,95.089   c-4.245,42.544-38.18,76.479-80.723,80.723C269.263,133.269,303.199,99.333,345.741,95.089z M238.679,191.998   c5.64,0.919,11.425,1.405,17.321,1.405c5.926,0,11.74-0.49,17.408-1.419c-7.131,8.284-13.02,17.663-17.378,27.848   C251.755,209.802,245.933,200.423,238.679,191.998z M273.406,269.073c-7.146,8.301-13.046,17.704-17.408,27.916   c-4.361-10.212-10.261-19.613-17.408-27.916c5.668,0.929,11.481,1.419,17.408,1.419   C261.925,270.492,267.739,270.002,273.406,269.073z M256,21.32c13.185,16.068,20.355,36.027,20.355,57.087   s-7.171,41.019-20.355,57.088c-13.185-16.069-20.355-36.028-20.355-57.088C235.645,57.346,242.814,37.388,256,21.32z    M166.257,95.089c42.543,4.245,76.478,38.18,80.723,80.723C204.437,171.567,170.502,137.631,166.257,95.089z M166.257,172.178   c42.543,4.245,76.478,38.179,80.723,80.723C204.437,248.656,170.502,214.721,166.257,172.178z M166.257,249.266   c42.543,4.245,76.478,38.18,80.723,80.723C204.437,325.744,170.502,291.809,166.257,249.266z M166.257,326.356   c42.543,4.245,76.478,38.18,80.723,80.723C204.436,402.833,170.501,368.898,166.257,326.356z M255.999,374.077   c-4.361-10.212-10.262-19.613-17.409-27.916c5.669,0.929,11.483,1.419,17.409,1.419c5.927,0,11.74-0.49,17.409-1.419   C266.261,354.463,260.361,363.865,255.999,374.077z M345.741,326.356c-4.245,42.543-38.18,76.478-80.723,80.723   C269.263,364.536,303.199,330.6,345.741,326.356z M345.741,249.266c-4.245,42.544-38.18,76.478-80.723,80.723   C269.263,287.446,303.199,253.511,345.741,249.266z M265.014,252.902c2.04-20.683,11.083-39.865,25.974-54.756   c14.891-14.89,34.071-23.932,54.755-25.974C341.501,214.723,307.563,248.661,265.014,252.902z\"><\/path>\t<\/g><\/g><\/svg>\t\t\t<\/div>\n\t\t<\/div>\n\t\t\t\t<\/div>\n\t\t\t\t<\/div>\n\t\t\t\t<div class=\"elementor-element elementor-element-41401a43 elementor-widget elementor-widget-heading\" data-id=\"41401a43\" data-element_type=\"widget\" data-widget_type=\"heading.default\">\n\t\t\t\t<div class=\"elementor-widget-container\">\n\t\t\t<h3 class=\"elementor-heading-title elementor-size-default\">Ingredienzas<\/h3>\t\t<\/div>\n\t\t\t\t<\/div>\n\t\t\t\t<div class=\"elementor-element elementor-element-729c3dc1 elementor-widget-divider--view-line elementor-widget elementor-widget-divider\" data-id=\"729c3dc1\" data-element_type=\"widget\" data-widget_type=\"divider.default\">\n\t\t\t\t<div class=\"elementor-widget-container\">\n\t\t\t\t\t<div class=\"elementor-divider\">\n\t\t\t<span class=\"elementor-divider-separator\">\n\t\t\t\t\t\t<\/span>\n\t\t<\/div>\n\t\t\t\t<\/div>\n\t\t\t\t<\/div>\n\t\t\t\t<div class=\"elementor-element elementor-element-66243a7c elementor-widget elementor-widget-text-editor\" data-id=\"66243a7c\" data-element_type=\"widget\" data-widget_type=\"text-editor.default\">\n\t\t\t\t<div class=\"elementor-widget-container\">\n\t\t\t<style>\/*! elementor - v3.14.0 - 26-06-2023 *\/\n.elementor-widget-text-editor.elementor-drop-cap-view-stacked .elementor-drop-cap{background-color:#69727d;color:#fff}.elementor-widget-text-editor.elementor-drop-cap-view-framed .elementor-drop-cap{color:#69727d;border:3px solid;background-color:transparent}.elementor-widget-text-editor:not(.elementor-drop-cap-view-default) .elementor-drop-cap{margin-top:8px}.elementor-widget-text-editor:not(.elementor-drop-cap-view-default) .elementor-drop-cap-letter{width:1em;height:1em}.elementor-widget-text-editor .elementor-drop-cap{float:left;text-align:center;line-height:1;font-size:50px}.elementor-widget-text-editor .elementor-drop-cap-letter{display:inline-block}<\/style>\t\t\t\t<ul><li>2 tschaduns gronds ieli d'olivas<\/li><li>2 rieblas<\/li><li>\u00bd s\u00e8ller<\/li><li>\u00bd por<\/li><li>\u00bd tschaguola<\/li><li>130 g giutta<\/li><li>70 g fava da borlotti<\/li><li>2 l aua<\/li><li>2 fegls d'arbagia<\/li><li>sal e buglion da legums<\/li><li>pauc peiver<\/li><li>empau groma da soja<\/li><li>empau tschagugliuns<\/li><\/ul>\t\t\t\t\t\t<\/div>\n\t\t\t\t<\/div>\n\t\t\t\t<\/div>\n\t\t<div class=\"elementor-element elementor-element-3bdd3922 e-con-full e-flex e-con\" data-id=\"3bdd3922\" data-element_type=\"container\" data-settings=\"{&quot;background_background&quot;:&quot;classic&quot;,&quot;content_width&quot;:&quot;full&quot;}\">\n\t\t\t\t<div class=\"elementor-element elementor-element-215e5487 elementor-view-stacked elementor-shape-square elementor-widget elementor-widget-icon\" data-id=\"215e5487\" data-element_type=\"widget\" data-widget_type=\"icon.default\">\n\t\t\t\t<div class=\"elementor-widget-container\">\n\t\t\t\t\t<div class=\"elementor-icon-wrapper\">\n\t\t\t<div class=\"elementor-icon elementor-animation-grow\">\n\t\t\t<i aria-hidden=\"true\" class=\"fas fa-utensil-spoon\"><\/i>\t\t\t<\/div>\n\t\t<\/div>\n\t\t\t\t<\/div>\n\t\t\t\t<\/div>\n\t\t\t\t<div class=\"elementor-element elementor-element-32d777a7 elementor-widget elementor-widget-heading\" data-id=\"32d777a7\" data-element_type=\"widget\" data-widget_type=\"heading.default\">\n\t\t\t\t<div class=\"elementor-widget-container\">\n\t\t\t<h3 class=\"elementor-heading-title elementor-size-default\">Preparaziun<\/h3>\t\t<\/div>\n\t\t\t\t<\/div>\n\t\t\t\t<div class=\"elementor-element elementor-element-62c382ec elementor-widget-divider--view-line elementor-widget elementor-widget-divider\" data-id=\"62c382ec\" data-element_type=\"widget\" data-widget_type=\"divider.default\">\n\t\t\t\t<div class=\"elementor-widget-container\">\n\t\t\t\t\t<div class=\"elementor-divider\">\n\t\t\t<span class=\"elementor-divider-separator\">\n\t\t\t\t\t\t<\/span>\n\t\t<\/div>\n\t\t\t\t<\/div>\n\t\t\t\t<\/div>\n\t\t\t\t<div class=\"elementor-element elementor-element-4d54b0cd elementor-widget elementor-widget-text-editor\" data-id=\"4d54b0cd\" data-element_type=\"widget\" data-widget_type=\"text-editor.default\">\n\t\t\t\t<div class=\"elementor-widget-container\">\n\t\t\t\t\t\t\t<ol><li>Scaldar ieli d'olivas en ina cazzetta ed aschuntar giutta e fava.<\/li><li>Tagliar fin ils legums ed aschuntar. Pargalar cun tener turschau incuntin.<\/li><li>Stizzentar cun l'aua ed aschuntar ils fegls d'arbagia. Cungir cun sal, buglion da legums e peiver.<\/li><li>Schar cuer la suppa per 1-2 uras.<\/li><li>Allontanar fegls d'arbagia e gustar cun groma da soja e tschagugliuns tagliai fin.<\/li><\/ol>\t\t\t\t\t\t<\/div>\n\t\t\t\t<\/div>\n\t\t\t\t<\/div>\n\t\t\t\t<\/div>\n\t\t\t\t<\/div>\n\t\t\t\t<\/div>\n\t\t\t\t\t\t\t<\/div>","protected":false},"excerpt":{"rendered":"<p>Gerstensuppe 2h 4 Portionen vegan Zutaten 2 EL Oliven\u00f6l 2 R\u00fcebli \u00bd Knollensellerie \u00bd Lauch \u00bd Zwiebel 130 g Rollgerste 70 g Borlotti-Bohnen 2 l Wasser 2 Lorbeerbl\u00e4tter Salz und Gem\u00fcseboullion wenig Pfeffer etwas Sojasahne etwas Schnittlauch Zubereitung Oliven\u00f6l in einer Pfanne erw\u00e4rmen und Rollgerste und Borlottibohnen beif\u00fcgen. Gem\u00fcse kleinschneiden und zugeben. Unter st\u00e4ndigem R\u00fchren &#8230; <a title=\"Suppa da giutta\" class=\"read-more\" href=\"https:\/\/vegane-buendner-rezepte.schmid.gr\/rm\/gerstensuppe\/\" aria-label=\"More on Gerstensuppe\">Read more<\/a><\/p>","protected":false},"author":1,"featured_media":0,"parent":0,"menu_order":0,"comment_status":"closed","ping_status":"closed","template":"","meta":{"footnotes":""},"class_list":["post-1160","page","type-page","status-publish"],"_links":{"self":[{"href":"https:\/\/vegane-buendner-rezepte.schmid.gr\/rm\/wp-json\/wp\/v2\/pages\/1160"}],"collection":[{"href":"https:\/\/vegane-buendner-rezepte.schmid.gr\/rm\/wp-json\/wp\/v2\/pages"}],"about":[{"href":"https:\/\/vegane-buendner-rezepte.schmid.gr\/rm\/wp-json\/wp\/v2\/types\/page"}],"author":[{"embeddable":true,"href":"https:\/\/vegane-buendner-rezepte.schmid.gr\/rm\/wp-json\/wp\/v2\/users\/1"}],"replies":[{"embeddable":true,"href":"https:\/\/vegane-buendner-rezepte.schmid.gr\/rm\/wp-json\/wp\/v2\/comments?post=1160"}],"version-history":[{"count":34,"href":"https:\/\/vegane-buendner-rezepte.schmid.gr\/rm\/wp-json\/wp\/v2\/pages\/1160\/revisions"}],"predecessor-version":[{"id":1653,"href":"https:\/\/vegane-buendner-rezepte.schmid.gr\/rm\/wp-json\/wp\/v2\/pages\/1160\/revisions\/1653"}],"wp:attachment":[{"href":"https:\/\/vegane-buendner-rezepte.schmid.gr\/rm\/wp-json\/wp\/v2\/media?parent=1160"}],"curies":[{"name":"wp","href":"https:\/\/api.w.org\/{rel}","templated":true}]}}