{"id":19,"date":"2023-02-26T16:00:59","date_gmt":"2023-02-26T15:00:59","guid":{"rendered":"https:\/\/vegane-buendner-rezepte.schmid.gr\/?page_id=19"},"modified":"2023-08-19T13:10:48","modified_gmt":"2023-08-19T11:10:48","slug":"ueber-vbr","status":"publish","type":"page","link":"https:\/\/vegane-buendner-rezepte.schmid.gr\/rm\/ueber-vbr\/","title":{"rendered":"Sur da mia website"},"content":{"rendered":"<div data-elementor-type=\"wp-page\" data-elementor-id=\"19\" class=\"elementor elementor-19\">\n\t\t\t\t\t\t\t<div class=\"elementor-element elementor-element-3f974fd envato-kit-141-top-0 e-flex e-con-boxed e-con\" data-id=\"3f974fd\" data-element_type=\"container\" data-settings=\"{&quot;background_background&quot;:&quot;classic&quot;,&quot;content_width&quot;:&quot;boxed&quot;}\">\n\t\t\t\t\t<div class=\"e-con-inner\">\n\t\t<div class=\"elementor-element elementor-element-cd35da9 e-con-full e-flex e-con\" data-id=\"cd35da9\" data-element_type=\"container\" data-settings=\"{&quot;content_width&quot;:&quot;full&quot;}\">\n\t\t\t\t<div class=\"elementor-element elementor-element-c0f5cb4 elementor-invisible elementor-widget elementor-widget-text-editor\" data-id=\"c0f5cb4\" data-element_type=\"widget\" data-settings=\"{&quot;_animation&quot;:&quot;fadeInDown&quot;}\" data-widget_type=\"text-editor.default\">\n\t\t\t\t<div class=\"elementor-widget-container\">\n\t\t\t<style>\/*! elementor - v3.14.0 - 26-06-2023 *\/\n.elementor-widget-text-editor.elementor-drop-cap-view-stacked .elementor-drop-cap{background-color:#69727d;color:#fff}.elementor-widget-text-editor.elementor-drop-cap-view-framed .elementor-drop-cap{color:#69727d;border:3px solid;background-color:transparent}.elementor-widget-text-editor:not(.elementor-drop-cap-view-default) .elementor-drop-cap{margin-top:8px}.elementor-widget-text-editor:not(.elementor-drop-cap-view-default) .elementor-drop-cap-letter{width:1em;height:1em}.elementor-widget-text-editor .elementor-drop-cap{float:left;text-align:center;line-height:1;font-size:50px}.elementor-widget-text-editor .elementor-drop-cap-letter{display:inline-block}<\/style>\t\t\t\t<p>SUR DA MIA<\/p>\t\t\t\t\t\t<\/div>\n\t\t\t\t<\/div>\n\t\t\t\t<div class=\"elementor-element elementor-element-2fb13c0 animated-fast elementor-widget__width-inherit elementor-invisible elementor-widget elementor-widget-heading\" data-id=\"2fb13c0\" data-element_type=\"widget\" data-settings=\"{&quot;_animation&quot;:&quot;slideInLeft&quot;,&quot;_animation_delay&quot;:600}\" data-widget_type=\"heading.default\">\n\t\t\t\t<div class=\"elementor-widget-container\">\n\t\t\t<style>\/*! elementor - v3.14.0 - 26-06-2023 *\/\n.elementor-heading-title{padding:0;margin:0;line-height:1}.elementor-widget-heading .elementor-heading-title[class*=elementor-size-]>a{color:inherit;font-size:inherit;line-height:inherit}.elementor-widget-heading .elementor-heading-title.elementor-size-small{font-size:15px}.elementor-widget-heading .elementor-heading-title.elementor-size-medium{font-size:19px}.elementor-widget-heading .elementor-heading-title.elementor-size-large{font-size:29px}.elementor-widget-heading .elementor-heading-title.elementor-size-xl{font-size:39px}.elementor-widget-heading .elementor-heading-title.elementor-size-xxl{font-size:59px}<\/style><h2 class=\"elementor-heading-title elementor-size-large\">WEBSITE<\/h2>\t\t<\/div>\n\t\t\t\t<\/div>\n\t\t\t\t<div class=\"elementor-element elementor-element-0a00709 elementor-invisible elementor-widget elementor-widget-image\" data-id=\"0a00709\" data-element_type=\"widget\" data-settings=\"{&quot;_animation&quot;:&quot;fadeIn&quot;,&quot;_animation_delay&quot;:350}\" data-widget_type=\"image.default\">\n\t\t\t\t<div class=\"elementor-widget-container\">\n\t\t\t<style>\/*! elementor - v3.14.0 - 26-06-2023 *\/\n.elementor-widget-image{text-align:center}.elementor-widget-image a{display:inline-block}.elementor-widget-image a img[src$=\".svg\"]{width:48px}.elementor-widget-image img{vertical-align:middle;display:inline-block}<\/style>\t\t\t\t\t\t\t\t\t\t\t\t<img decoding=\"async\" src=\"https:\/\/vegane-buendner-rezepte.schmid.gr\/wp-content\/uploads\/elementor\/thumbs\/WhatsApp-Image-Ada-qa1cbqmxo518ds8282m80xgkziuxt6t8qicty12nki.jpeg\" title=\"WhatsApp Image Ada\" alt=\"WhatsApp Image Ada\" loading=\"lazy\" \/>\t\t\t\t\t\t\t\t\t\t\t\t\t\t\t<\/div>\n\t\t\t\t<\/div>\n\t\t\t\t<div class=\"elementor-element elementor-element-d274bb6 elementor-widget elementor-widget-image\" data-id=\"d274bb6\" data-element_type=\"widget\" data-widget_type=\"image.default\">\n\t\t\t\t<div class=\"elementor-widget-container\">\n\t\t\t\t\t\t\t\t\t\t\t\t\t\t\t<img loading=\"lazy\" decoding=\"async\" width=\"385\" height=\"385\" src=\"https:\/\/vegane-buendner-rezepte.schmid.gr\/wp-content\/uploads\/2023\/05\/IMG_3290_2_-removebg-preview.png\" class=\"attachment-large size-large wp-image-798\" alt=\"\" srcset=\"https:\/\/vegane-buendner-rezepte.schmid.gr\/wp-content\/uploads\/2023\/05\/IMG_3290_2_-removebg-preview.png 385w, https:\/\/vegane-buendner-rezepte.schmid.gr\/wp-content\/uploads\/2023\/05\/IMG_3290_2_-removebg-preview-300x300.png 300w, https:\/\/vegane-buendner-rezepte.schmid.gr\/wp-content\/uploads\/2023\/05\/IMG_3290_2_-removebg-preview-150x150.png 150w, https:\/\/vegane-buendner-rezepte.schmid.gr\/wp-content\/uploads\/2023\/05\/IMG_3290_2_-removebg-preview-12x12.png 12w\" sizes=\"(max-width: 385px) 100vw, 385px\" \/>\t\t\t\t\t\t\t\t\t\t\t\t\t\t\t<\/div>\n\t\t\t\t<\/div>\n\t\t\t\t<div class=\"elementor-element elementor-element-930fd35 elementor-invisible elementor-widget elementor-widget-heading\" data-id=\"930fd35\" data-element_type=\"widget\" data-settings=\"{&quot;_animation&quot;:&quot;fadeIn&quot;,&quot;_animation_delay&quot;:200}\" data-widget_type=\"heading.default\">\n\t\t\t\t<div class=\"elementor-widget-container\">\n\t\t\t<h2 class=\"elementor-heading-title elementor-size-default\">Beinvegni sin mia website! Jeu sun Ada e quella website ei part da mia lavur da matura, nua ch'jeu cumbineschel mia pissiun pil cuschinar vegan cun recepts tradiziunals grischunes. Mia finamira ei da mussar che spisas tradiziunalas san era gustar bein en fuorma vegana. Cun mes recepts vi jeu presentar a ti ina retscha d'alternativas veganas per las spisas popularas da nossa regiun. Mia decisiun da seconcentrar sin recepts vegans basescha sin miu interess per la protecziun d'animals e per la midada dil clima. In nutriment vegetal contribuescha ad ina sminuziun dalla tegnida d'animals e dallas consequenzas negativas sil clima colligiadas cun quella. Cun presentar recepts vegans vi jeu augmentar la cunscienzia per quels temas impurtonts e prestar ina contribuziun positiva pil mund d'ils animals e nies planet. Jeu sperel che ti anflies recepts inspironts e delizius sin mia website.\n<\/h2>\t\t<\/div>\n\t\t\t\t<\/div>\n\t\t\t\t<\/div>\n\t\t\t\t\t<\/div>\n\t\t\t\t<\/div>\n\t\t\t\t\t\t\t<\/div>","protected":false},"excerpt":{"rendered":"<p>\u00dcBER MEINE WEBSEITE Willkommen auf meiner Webseite! Ich bin Ada und diese Seite ist Teil meiner Maturaarbeit, bei der ich meine Leidenschaft f\u00fcr veganes Kochen und die traditionellen Gerichte aus Graub\u00fcnden vereine. Mein Ziel ist es, zu zeigen, dass traditionelle Gerichte auch in veganer Form lecker schmecken k\u00f6nnen. Durch meine Rezepte m\u00f6chte ich dir eine &#8230; <a title=\"Sur da mia website\" class=\"read-more\" href=\"https:\/\/vegane-buendner-rezepte.schmid.gr\/rm\/ueber-vbr\/\" aria-label=\"More on \u00dcber meine Webseite\">Read more<\/a><\/p>","protected":false},"author":1,"featured_media":0,"parent":0,"menu_order":0,"comment_status":"closed","ping_status":"closed","template":"","meta":{"footnotes":""},"class_list":["post-19","page","type-page","status-publish"],"_links":{"self":[{"href":"https:\/\/vegane-buendner-rezepte.schmid.gr\/rm\/wp-json\/wp\/v2\/pages\/19"}],"collection":[{"href":"https:\/\/vegane-buendner-rezepte.schmid.gr\/rm\/wp-json\/wp\/v2\/pages"}],"about":[{"href":"https:\/\/vegane-buendner-rezepte.schmid.gr\/rm\/wp-json\/wp\/v2\/types\/page"}],"author":[{"embeddable":true,"href":"https:\/\/vegane-buendner-rezepte.schmid.gr\/rm\/wp-json\/wp\/v2\/users\/1"}],"replies":[{"embeddable":true,"href":"https:\/\/vegane-buendner-rezepte.schmid.gr\/rm\/wp-json\/wp\/v2\/comments?post=19"}],"version-history":[{"count":113,"href":"https:\/\/vegane-buendner-rezepte.schmid.gr\/rm\/wp-json\/wp\/v2\/pages\/19\/revisions"}],"predecessor-version":[{"id":2066,"href":"https:\/\/vegane-buendner-rezepte.schmid.gr\/rm\/wp-json\/wp\/v2\/pages\/19\/revisions\/2066"}],"wp:attachment":[{"href":"https:\/\/vegane-buendner-rezepte.schmid.gr\/rm\/wp-json\/wp\/v2\/media?parent=19"}],"curies":[{"name":"wp","href":"https:\/\/api.w.org\/{rel}","templated":true}]}}