{"id":806,"date":"2023-05-21T15:17:47","date_gmt":"2023-05-21T13:17:47","guid":{"rendered":"https:\/\/vegane-buendner-rezepte.schmid.gr\/?page_id=806"},"modified":"2023-07-27T19:30:28","modified_gmt":"2023-07-27T17:30:28","slug":"plain-in-pigna","status":"publish","type":"page","link":"https:\/\/vegane-buendner-rezepte.schmid.gr\/rm\/plain-in-pigna\/","title":{"rendered":"Plain in pigna"},"content":{"rendered":"<div data-elementor-type=\"wp-page\" data-elementor-id=\"806\" class=\"elementor elementor-806\">\n\t\t\t\t\t\t\t<div class=\"elementor-element elementor-element-20fccfe8 e-con-full e-flex e-con\" data-id=\"20fccfe8\" data-element_type=\"container\" data-settings=\"{&quot;background_background&quot;:&quot;classic&quot;,&quot;shape_divider_bottom&quot;:&quot;waves&quot;,&quot;content_width&quot;:&quot;full&quot;}\">\n\t\t\t\t<div class=\"elementor-shape elementor-shape-bottom\" data-negative=\"false\">\n\t\t\t<svg xmlns=\"http:\/\/www.w3.org\/2000\/svg\" viewbox=\"0 0 1000 100\" preserveaspectratio=\"none\">\n\t<path class=\"elementor-shape-fill\" d=\"M421.9,6.5c22.6-2.5,51.5,0.4,75.5,5.3c23.6,4.9,70.9,23.5,100.5,35.7c75.8,32.2,133.7,44.5,192.6,49.7\tc23.6,2.1,48.7,3.5,103.4-2.5c54.7-6,106.2-25.6,106.2-25.6V0H0v30.3c0,0,72,32.6,158.4,30.5c39.2-0.7,92.8-6.7,134-22.4\tc21.2-8.1,52.2-18.2,79.7-24.2C399.3,7.9,411.6,7.5,421.9,6.5z\"\/>\n<\/svg>\t\t<\/div>\n\t\t\t\t<\/div>\n\t\t<div class=\"elementor-element elementor-element-3468c0ff e-con-full e-flex e-con\" data-id=\"3468c0ff\" data-element_type=\"container\" data-settings=\"{&quot;background_background&quot;:&quot;classic&quot;,&quot;content_width&quot;:&quot;full&quot;}\">\n\t\t<div class=\"elementor-element elementor-element-3ad58032 e-con-full e-flex e-con\" data-id=\"3ad58032\" data-element_type=\"container\" data-settings=\"{&quot;background_background&quot;:&quot;classic&quot;,&quot;content_width&quot;:&quot;full&quot;}\">\n\t\t<div class=\"elementor-element elementor-element-70b02cd5 e-con-full e-flex e-con\" data-id=\"70b02cd5\" data-element_type=\"container\" data-settings=\"{&quot;content_width&quot;:&quot;full&quot;}\">\n\t\t<div class=\"elementor-element elementor-element-50bc9c5c e-con-full e-transform e-flex e-con\" data-id=\"50bc9c5c\" data-element_type=\"container\" data-settings=\"{&quot;content_width&quot;:&quot;full&quot;,&quot;_transform_scale_effect_hover&quot;:{&quot;unit&quot;:&quot;px&quot;,&quot;size&quot;:1.1,&quot;sizes&quot;:[]},&quot;_transform_scale_effect_hover_laptop&quot;:{&quot;unit&quot;:&quot;px&quot;,&quot;size&quot;:&quot;&quot;,&quot;sizes&quot;:[]},&quot;_transform_scale_effect_hover_tablet_extra&quot;:{&quot;unit&quot;:&quot;px&quot;,&quot;size&quot;:&quot;&quot;,&quot;sizes&quot;:[]},&quot;_transform_scale_effect_hover_tablet&quot;:{&quot;unit&quot;:&quot;px&quot;,&quot;size&quot;:&quot;&quot;,&quot;sizes&quot;:[]},&quot;_transform_scale_effect_hover_mobile&quot;:{&quot;unit&quot;:&quot;px&quot;,&quot;size&quot;:&quot;&quot;,&quot;sizes&quot;:[]}}\">\n\t\t\t\t<div class=\"elementor-element elementor-element-72c76adb elementor-widget elementor-widget-heading\" data-id=\"72c76adb\" data-element_type=\"widget\" data-widget_type=\"heading.default\">\n\t\t\t\t<div class=\"elementor-widget-container\">\n\t\t\t<style>\/*! elementor - v3.14.0 - 26-06-2023 *\/\n.elementor-heading-title{padding:0;margin:0;line-height:1}.elementor-widget-heading .elementor-heading-title[class*=elementor-size-]>a{color:inherit;font-size:inherit;line-height:inherit}.elementor-widget-heading .elementor-heading-title.elementor-size-small{font-size:15px}.elementor-widget-heading .elementor-heading-title.elementor-size-medium{font-size:19px}.elementor-widget-heading .elementor-heading-title.elementor-size-large{font-size:29px}.elementor-widget-heading .elementor-heading-title.elementor-size-xl{font-size:39px}.elementor-widget-heading .elementor-heading-title.elementor-size-xxl{font-size:59px}<\/style><h2 class=\"elementor-heading-title elementor-size-default\">Plain in pigna<\/h2>\t\t<\/div>\n\t\t\t\t<\/div>\n\t\t\t\t<div class=\"elementor-element elementor-element-39233f6a elementor-icon-list--layout-inline elementor-align-left elementor-mobile-align-left elementor-list-item-link-full_width elementor-widget elementor-widget-icon-list\" data-id=\"39233f6a\" data-element_type=\"widget\" data-widget_type=\"icon-list.default\">\n\t\t\t\t<div class=\"elementor-widget-container\">\n\t\t\t<link rel=\"stylesheet\" href=\"https:\/\/vegane-buendner-rezepte.schmid.gr\/wp-content\/uploads\/elementor\/css\/custom-widget-icon-list.min.css?ver=1691439664\">\t\t<ul class=\"elementor-icon-list-items elementor-inline-items\">\n\t\t\t\t\t\t\t<li class=\"elementor-icon-list-item elementor-inline-item\">\n\t\t\t\t\t\t\t\t\t\t\t<span class=\"elementor-icon-list-icon\">\n\t\t\t\t\t\t\t<i aria-hidden=\"true\" class=\"far fa-clock\"><\/i>\t\t\t\t\t\t<\/span>\n\t\t\t\t\t\t\t\t\t\t<span class=\"elementor-icon-list-text\">1h 15min<\/span>\n\t\t\t\t\t\t\t\t\t<\/li>\n\t\t\t\t\t\t\t\t<li class=\"elementor-icon-list-item elementor-inline-item\">\n\t\t\t\t\t\t\t\t\t\t\t<span class=\"elementor-icon-list-icon\">\n\t\t\t\t\t\t\t<i aria-hidden=\"true\" class=\"fas fa-male\"><\/i>\t\t\t\t\t\t<\/span>\n\t\t\t\t\t\t\t\t\t\t<span class=\"elementor-icon-list-text\">4 purziuns<\/span>\n\t\t\t\t\t\t\t\t\t<\/li>\n\t\t\t\t\t\t\t\t<li class=\"elementor-icon-list-item elementor-inline-item\">\n\t\t\t\t\t\t\t\t\t\t\t<span class=\"elementor-icon-list-icon\">\n\t\t\t\t\t\t\t<i aria-hidden=\"true\" class=\"fas fa-leaf\"><\/i>\t\t\t\t\t\t<\/span>\n\t\t\t\t\t\t\t\t\t\t<span class=\"elementor-icon-list-text\">vegan<\/span>\n\t\t\t\t\t\t\t\t\t<\/li>\n\t\t\t\t\t\t<\/ul>\n\t\t\t\t<\/div>\n\t\t\t\t<\/div>\n\t\t\t\t<div class=\"elementor-element elementor-element-74491099 elementor-widget-divider--view-line elementor-widget elementor-widget-divider\" data-id=\"74491099\" data-element_type=\"widget\" data-widget_type=\"divider.default\">\n\t\t\t\t<div class=\"elementor-widget-container\">\n\t\t\t<style>\/*! elementor - v3.14.0 - 26-06-2023 *\/\n.elementor-widget-divider{--divider-border-style:none;--divider-border-width:1px;--divider-color:#0c0d0e;--divider-icon-size:20px;--divider-element-spacing:10px;--divider-pattern-height:24px;--divider-pattern-size:20px;--divider-pattern-url:none;--divider-pattern-repeat:repeat-x}.elementor-widget-divider .elementor-divider{display:flex}.elementor-widget-divider .elementor-divider__text{font-size:15px;line-height:1;max-width:95%}.elementor-widget-divider .elementor-divider__element{margin:0 var(--divider-element-spacing);flex-shrink:0}.elementor-widget-divider .elementor-icon{font-size:var(--divider-icon-size)}.elementor-widget-divider .elementor-divider-separator{display:flex;margin:0;direction:ltr}.elementor-widget-divider--view-line_icon .elementor-divider-separator,.elementor-widget-divider--view-line_text .elementor-divider-separator{align-items:center}.elementor-widget-divider--view-line_icon .elementor-divider-separator:after,.elementor-widget-divider--view-line_icon .elementor-divider-separator:before,.elementor-widget-divider--view-line_text .elementor-divider-separator:after,.elementor-widget-divider--view-line_text .elementor-divider-separator:before{display:block;content:\"\";border-bottom:0;flex-grow:1;border-top:var(--divider-border-width) var(--divider-border-style) var(--divider-color)}.elementor-widget-divider--element-align-left .elementor-divider .elementor-divider-separator>.elementor-divider__svg:first-of-type{flex-grow:0;flex-shrink:100}.elementor-widget-divider--element-align-left .elementor-divider-separator:before{content:none}.elementor-widget-divider--element-align-left .elementor-divider__element{margin-left:0}.elementor-widget-divider--element-align-right .elementor-divider .elementor-divider-separator>.elementor-divider__svg:last-of-type{flex-grow:0;flex-shrink:100}.elementor-widget-divider--element-align-right .elementor-divider-separator:after{content:none}.elementor-widget-divider--element-align-right .elementor-divider__element{margin-right:0}.elementor-widget-divider:not(.elementor-widget-divider--view-line_text):not(.elementor-widget-divider--view-line_icon) .elementor-divider-separator{border-top:var(--divider-border-width) var(--divider-border-style) var(--divider-color)}.elementor-widget-divider--separator-type-pattern{--divider-border-style:none}.elementor-widget-divider--separator-type-pattern.elementor-widget-divider--view-line .elementor-divider-separator,.elementor-widget-divider--separator-type-pattern:not(.elementor-widget-divider--view-line) .elementor-divider-separator:after,.elementor-widget-divider--separator-type-pattern:not(.elementor-widget-divider--view-line) .elementor-divider-separator:before,.elementor-widget-divider--separator-type-pattern:not([class*=elementor-widget-divider--view]) .elementor-divider-separator{width:100%;min-height:var(--divider-pattern-height);-webkit-mask-size:var(--divider-pattern-size) 100%;mask-size:var(--divider-pattern-size) 100%;-webkit-mask-repeat:var(--divider-pattern-repeat);mask-repeat:var(--divider-pattern-repeat);background-color:var(--divider-color);-webkit-mask-image:var(--divider-pattern-url);mask-image:var(--divider-pattern-url)}.elementor-widget-divider--no-spacing{--divider-pattern-size:auto}.elementor-widget-divider--bg-round{--divider-pattern-repeat:round}.rtl .elementor-widget-divider .elementor-divider__text{direction:rtl}.e-con-inner>.elementor-widget-divider,.e-con>.elementor-widget-divider{width:var(--container-widget-width,100%);--flex-grow:var(--container-widget-flex-grow)}<\/style>\t\t<div class=\"elementor-divider\">\n\t\t\t<span class=\"elementor-divider-separator\">\n\t\t\t\t\t\t<\/span>\n\t\t<\/div>\n\t\t\t\t<\/div>\n\t\t\t\t<\/div>\n\t\t\t\t<\/div>\n\t\t\t\t<\/div>\n\t\t<div class=\"elementor-element elementor-element-498eafbb e-con-full e-flex e-con\" data-id=\"498eafbb\" data-element_type=\"container\" data-settings=\"{&quot;content_width&quot;:&quot;full&quot;}\">\n\t\t<div class=\"elementor-element elementor-element-417a824a e-con-full e-flex e-con\" data-id=\"417a824a\" data-element_type=\"container\" data-settings=\"{&quot;background_background&quot;:&quot;classic&quot;,&quot;content_width&quot;:&quot;full&quot;}\">\n\t\t\t\t<div class=\"elementor-element elementor-element-6d1245c elementor-view-stacked elementor-shape-square elementor-widget elementor-widget-icon\" data-id=\"6d1245c\" data-element_type=\"widget\" data-widget_type=\"icon.default\">\n\t\t\t\t<div class=\"elementor-widget-container\">\n\t\t\t\t\t<div class=\"elementor-icon-wrapper\">\n\t\t\t<div class=\"elementor-icon elementor-animation-grow\">\n\t\t\t<svg xmlns=\"http:\/\/www.w3.org\/2000\/svg\" xmlns:xlink=\"http:\/\/www.w3.org\/1999\/xlink\" fill=\"#000000\" height=\"800px\" width=\"800px\" id=\"Capa_1\" viewbox=\"0 0 54.838 54.838\" xml:space=\"preserve\"><g>\t<path d=\"M13.132,21.31l0.943-1.348c1.117-1.598,2.707-2.896,4.857-3.969c1.553-0.774,3.323-1.301,5.159-1.698  c-0.133-0.143-0.261-0.278-0.395-0.423c-2.628-2.827-5.607-6.031-8.739-7.65c-1.782-0.921-3.406-1.37-4.966-1.37  c-2.711,0-5.057,1.328-7.38,4.178c-4.096,5.024-3.269,12.974,1.762,19.715C5.744,24.507,8.683,22.02,13.132,21.31z M8.203,11.615  l3.426-2.294c0.458-0.308,1.08-0.184,1.387,0.275c0.307,0.458,0.184,1.08-0.275,1.387l-3.426,2.294  c-0.17,0.114-0.364,0.169-0.555,0.169c-0.323,0-0.639-0.156-0.832-0.444C7.621,12.543,7.744,11.922,8.203,11.615z M4.225,18.291  c-0.467-0.295-0.607-0.912-0.312-1.379c0.294-0.467,0.914-0.606,1.379-0.312l3.487,2.2c0.467,0.295,0.607,0.912,0.312,1.379  c-0.19,0.301-0.515,0.466-0.847,0.466c-0.183,0-0.367-0.05-0.533-0.154L4.225,18.291z\"><\/path>\t<path d=\"M54.474,19.031c-1.218-4.653-3.431-6.638-7.401-6.638c-2.582,0-5.921,0.822-10.356,1.982  c-1.453,0.38-3.448,0.617-5.561,0.867c-3.833,0.454-8.178,0.969-11.332,2.542c-1.839,0.917-3.198,2.019-4.112,3.325  c3.582,0.012,7.609,1.157,11.134,2.188c1.975,0.577,3.838,1.122,5.187,1.321c5.907,0.872,9.688,1.521,12.391,3.187  c2.225,1.372,3.492,3.377,3.87,6.042C53.41,29.718,55.808,24.127,54.474,19.031z M36.229,23.352  c-0.082,0.021-0.163,0.03-0.244,0.03c-0.448,0-0.855-0.303-0.969-0.757l-1-4c-0.134-0.536,0.192-1.079,0.728-1.213  c0.537-0.133,1.079,0.192,1.213,0.728l1,4C37.091,22.675,36.765,23.218,36.229,23.352z M49.712,23.122l-3.053,2.771  c-0.191,0.174-0.432,0.259-0.671,0.259c-0.272,0-0.543-0.11-0.741-0.328c-0.371-0.409-0.34-1.042,0.069-1.413l3.053-2.771  c0.409-0.371,1.041-0.34,1.413,0.069C50.152,22.118,50.121,22.751,49.712,23.122z\"><\/path>\t<path d=\"M43.376,29.508c-2.375-1.464-5.979-2.077-11.633-2.911c-1.487-0.219-3.415-0.783-5.457-1.38  c-3.688-1.079-7.922-2.313-11.421-2.099c-5.423,0.327-8.337,3.102-9.168,8.734c-0.594,4.027,1.003,8.108,4.499,11.492  c3.407,3.298,8.234,5.549,13.592,6.34c1.363,0.201,2.74,0.303,4.092,0.303c9.61,0,17.339-5.11,18.377-12.15  C46.87,33.683,45.982,31.115,43.376,29.508z M14.229,37.755c-0.082,0.021-0.163,0.03-0.244,0.03c-0.448,0-0.855-0.303-0.969-0.757  l-1-4c-0.134-0.536,0.192-1.079,0.728-1.213c0.536-0.135,1.079,0.192,1.213,0.728l1,4C15.091,37.079,14.765,37.622,14.229,37.755z   M25.321,33.122c0.146-0.532,0.696-0.848,1.229-0.7l3.976,1.092c0.533,0.146,0.846,0.697,0.7,1.229  c-0.122,0.444-0.525,0.736-0.964,0.736c-0.087,0-0.177-0.012-0.265-0.036l-3.976-1.092C25.488,34.204,25.175,33.654,25.321,33.122z   M31.543,43.322l-3.426,2.294c-0.17,0.114-0.364,0.169-0.555,0.169c-0.323,0-0.639-0.156-0.832-0.444  c-0.307-0.458-0.184-1.08,0.275-1.387l3.426-2.294c0.458-0.307,1.08-0.184,1.387,0.275C32.125,42.394,32.002,43.015,31.543,43.322z  \"><\/path><\/g><\/svg>\t\t\t<\/div>\n\t\t<\/div>\n\t\t\t\t<\/div>\n\t\t\t\t<\/div>\n\t\t\t\t<div class=\"elementor-element elementor-element-3ff81063 elementor-widget elementor-widget-heading\" data-id=\"3ff81063\" data-element_type=\"widget\" data-widget_type=\"heading.default\">\n\t\t\t\t<div class=\"elementor-widget-container\">\n\t\t\t<h3 class=\"elementor-heading-title elementor-size-default\">Ingredienzas<\/h3>\t\t<\/div>\n\t\t\t\t<\/div>\n\t\t\t\t<div class=\"elementor-element elementor-element-5a31b524 elementor-widget-divider--view-line elementor-widget elementor-widget-divider\" data-id=\"5a31b524\" data-element_type=\"widget\" data-widget_type=\"divider.default\">\n\t\t\t\t<div class=\"elementor-widget-container\">\n\t\t\t\t\t<div class=\"elementor-divider\">\n\t\t\t<span class=\"elementor-divider-separator\">\n\t\t\t\t\t\t<\/span>\n\t\t<\/div>\n\t\t\t\t<\/div>\n\t\t\t\t<\/div>\n\t\t\t\t<div class=\"elementor-element elementor-element-43f481f2 elementor-widget elementor-widget-text-editor\" data-id=\"43f481f2\" data-element_type=\"widget\" data-widget_type=\"text-editor.default\">\n\t\t\t\t<div class=\"elementor-widget-container\">\n\t\t\t<style>\/*! elementor - v3.14.0 - 26-06-2023 *\/\n.elementor-widget-text-editor.elementor-drop-cap-view-stacked .elementor-drop-cap{background-color:#69727d;color:#fff}.elementor-widget-text-editor.elementor-drop-cap-view-framed .elementor-drop-cap{color:#69727d;border:3px solid;background-color:transparent}.elementor-widget-text-editor:not(.elementor-drop-cap-view-default) .elementor-drop-cap{margin-top:8px}.elementor-widget-text-editor:not(.elementor-drop-cap-view-default) .elementor-drop-cap-letter{width:1em;height:1em}.elementor-widget-text-editor .elementor-drop-cap{float:left;text-align:center;line-height:1;font-size:50px}.elementor-widget-text-editor .elementor-drop-cap-letter{display:inline-block}<\/style>\t\t\t\t<ul><li>1 kg truffels crius, mundai<\/li><li>1 riebla<\/li><li>\u00bd zucchetti<\/li><li>\u00bc broccoli<\/li><li>5 tomatas sechentadas<\/li><li>3 tschaduns gronds frina da terc<\/li><li>3 tschaduns gronds frina<\/li><li>\u00bd\u00a0tschadun pign sal<\/li><li>1\u00bc dl buglion da legums<\/li><li>pauc miscat<\/li><li>floccas da margarina<\/li><\/ul>\t\t\t\t\t\t<\/div>\n\t\t\t\t<\/div>\n\t\t\t\t<\/div>\n\t\t<div class=\"elementor-element elementor-element-f6d40a e-con-full e-flex e-con\" data-id=\"f6d40a\" data-element_type=\"container\" data-settings=\"{&quot;background_background&quot;:&quot;classic&quot;,&quot;content_width&quot;:&quot;full&quot;}\">\n\t\t\t\t<div class=\"elementor-element elementor-element-51060a38 elementor-view-stacked elementor-shape-square elementor-widget elementor-widget-icon\" data-id=\"51060a38\" data-element_type=\"widget\" data-widget_type=\"icon.default\">\n\t\t\t\t<div class=\"elementor-widget-container\">\n\t\t\t\t\t<div class=\"elementor-icon-wrapper\">\n\t\t\t<div class=\"elementor-icon elementor-animation-grow\">\n\t\t\t<i aria-hidden=\"true\" class=\"fas fa-utensil-spoon\"><\/i>\t\t\t<\/div>\n\t\t<\/div>\n\t\t\t\t<\/div>\n\t\t\t\t<\/div>\n\t\t\t\t<div class=\"elementor-element elementor-element-50c7c90a elementor-widget elementor-widget-heading\" data-id=\"50c7c90a\" data-element_type=\"widget\" data-widget_type=\"heading.default\">\n\t\t\t\t<div class=\"elementor-widget-container\">\n\t\t\t<h3 class=\"elementor-heading-title elementor-size-default\">Preparaziun<\/h3>\t\t<\/div>\n\t\t\t\t<\/div>\n\t\t\t\t<div class=\"elementor-element elementor-element-1faa9376 elementor-widget-divider--view-line elementor-widget elementor-widget-divider\" data-id=\"1faa9376\" data-element_type=\"widget\" data-widget_type=\"divider.default\">\n\t\t\t\t<div class=\"elementor-widget-container\">\n\t\t\t\t\t<div class=\"elementor-divider\">\n\t\t\t<span class=\"elementor-divider-separator\">\n\t\t\t\t\t\t<\/span>\n\t\t<\/div>\n\t\t\t\t<\/div>\n\t\t\t\t<\/div>\n\t\t\t\t<div class=\"elementor-element elementor-element-70c102c elementor-widget elementor-widget-text-editor\" data-id=\"70c102c\" data-element_type=\"widget\" data-widget_type=\"text-editor.default\">\n\t\t\t\t<div class=\"elementor-widget-container\">\n\t\t\t\t\t\t\t<ol><li>Sgartar ils truffels cun la gartirola groppa e metter en ina cuppa. Tagliar ils legums en quadrels pigns ed aschuntar. Aschuntar la frina da terc, la frina, il sal ed il buglion e mischedar tut.<\/li><li>Metter la massa sin in pleh unschius cun ieli e strihar ora sin max. 2 cm altezia.<\/li><li>Springir floccas da margarina sin la massa e schar cuer en fuorn 30 - 45 minutas sin 200\u00b0C, aria circulonta.<\/li><\/ol>\t\t\t\t\t\t<\/div>\n\t\t\t\t<\/div>\n\t\t\t\t<\/div>\n\t\t\t\t<\/div>\n\t\t\t\t<\/div>\n\t\t\t\t<\/div>\n\t\t\t\t\t\t\t<\/div>","protected":false},"excerpt":{"rendered":"<p>Plain in pigna 1h 15min 4 Portionen vegan Zutaten 1 kg Kartoffeln roh, gesch\u00e4lt 1 Karotte \u00bd Zucchetti \u00bc Brokkoli 5 getrocknete Tomaten 3 EL feink\u00f6rniges Maismehl 3 EL Weissmehl \u00bd\u00a0TL Salz 1\u00bc dl Br\u00fche wenig Muskat Margarinefl\u00f6ckli Zubereitung Kartoffeln an der R\u00f6stiraffel reiben und in eine Sch\u00fcssel geben. Gem\u00fcse in kleine W\u00fcrfel schneiden und &#8230; <a title=\"Plain in pigna\" class=\"read-more\" href=\"https:\/\/vegane-buendner-rezepte.schmid.gr\/rm\/plain-in-pigna\/\" aria-label=\"More on Plain in pigna\">Read more<\/a><\/p>","protected":false},"author":1,"featured_media":0,"parent":0,"menu_order":0,"comment_status":"closed","ping_status":"closed","template":"","meta":{"footnotes":""},"class_list":["post-806","page","type-page","status-publish"],"_links":{"self":[{"href":"https:\/\/vegane-buendner-rezepte.schmid.gr\/rm\/wp-json\/wp\/v2\/pages\/806"}],"collection":[{"href":"https:\/\/vegane-buendner-rezepte.schmid.gr\/rm\/wp-json\/wp\/v2\/pages"}],"about":[{"href":"https:\/\/vegane-buendner-rezepte.schmid.gr\/rm\/wp-json\/wp\/v2\/types\/page"}],"author":[{"embeddable":true,"href":"https:\/\/vegane-buendner-rezepte.schmid.gr\/rm\/wp-json\/wp\/v2\/users\/1"}],"replies":[{"embeddable":true,"href":"https:\/\/vegane-buendner-rezepte.schmid.gr\/rm\/wp-json\/wp\/v2\/comments?post=806"}],"version-history":[{"count":22,"href":"https:\/\/vegane-buendner-rezepte.schmid.gr\/rm\/wp-json\/wp\/v2\/pages\/806\/revisions"}],"predecessor-version":[{"id":1665,"href":"https:\/\/vegane-buendner-rezepte.schmid.gr\/rm\/wp-json\/wp\/v2\/pages\/806\/revisions\/1665"}],"wp:attachment":[{"href":"https:\/\/vegane-buendner-rezepte.schmid.gr\/rm\/wp-json\/wp\/v2\/media?parent=806"}],"curies":[{"name":"wp","href":"https:\/\/api.w.org\/{rel}","templated":true}]}}